{"id":1557,"date":"2020-03-08T18:18:15","date_gmt":"2020-03-08T17:18:15","guid":{"rendered":"https:\/\/hvarsummerfestival.hr\/locations\/"},"modified":"2020-06-07T17:29:21","modified_gmt":"2020-06-07T15:29:21","slug":"locations","status":"publish","type":"page","link":"https:\/\/2020.hvarsummerfestival.hr\/en\/locations\/","title":{"rendered":"Locations"},"content":{"rendered":"<p>[vc_row][vc_column][vc_gmaps link=&#8221;#E-8_JTNDaWZyYW1lJTIwc3JjJTNEJTIyaHR0cHMlM0ElMkYlMkZ3d3cuZ29vZ2xlLmNvbSUyRm1hcHMlMkZkJTJGdSUyRjAlMkZlbWJlZCUzRm1pZCUzRDE5OFpURGcwcVNPeUwzM2VBQXNQcHlTWTF3V0thOTZydSUyMiUyMHdpZHRoJTNEJTIyNjQwJTIyJTIwaGVpZ2h0JTNEJTIyNDgwJTIyJTNFJTNDJTJGaWZyYW1lJTNF&#8221;][\/vc_column][\/vc_row][vc_row css=&#8221;.vc_custom_1583685672315{padding-top: 50px !important;}&#8221;][vc_column width=&#8221;1\/2&#8243;][vc_hoverbox image=&#8221;1623&#8243; primary_title=&#8221;Veneranda Summer Stage&#8221; hover_title=&#8221;Veneranda Summer Stage&#8221; hover_background_color=&#8221;custom&#8221; hover_custom_background=&#8221;#0c437d&#8221; css=&#8221;.vc_custom_1591543667883{padding-bottom: 40px !important;}&#8221;]Ulica Dinka Kova\u010devi\u0107a 3, 21450 Hvar[\/vc_hoverbox][vc_hoverbox image=&#8221;1544&#8243; primary_title=&#8221;Velo Grablje&#8221; hover_title=&#8221;Velo Grablje&#8221; hover_background_color=&#8221;custom&#8221; hover_custom_background=&#8221;#0c437d&#8221; css=&#8221;.vc_custom_1583686598300{padding-bottom: 40px !important;}&#8221;]Velo Grablje, 21450 Hvar[\/vc_hoverbox][vc_hoverbox image=&#8221;1625&#8243; primary_title=&#8221;Hanibal Luci\u0107 Summer Residence&#8221; hover_title=&#8221;Hanibal Luci\u0107 Summer Residence&#8221; hover_background_color=&#8221;custom&#8221; hover_custom_background=&#8221;#0c437d&#8221; css=&#8221;.vc_custom_1591543646755{padding-bottom: 40px !important;}&#8221;]Hanibala Luci\u0107a 8, 21450 Hvar[\/vc_hoverbox][vc_hoverbox image=&#8221;1627&#8243; primary_title=&#8221;Hvar Public Theatre&#8221; hover_title=&#8221;Hvar Public Theatre&#8221; hover_background_color=&#8221;custom&#8221; hover_custom_background=&#8221;#0c437d&#8221; css=&#8221;.vc_custom_1584124849562{padding-bottom: 40px !important;}&#8221;]Trg svetog Stjepana 44, 21450 Hvar[\/vc_hoverbox][vc_hoverbox image=&#8221;289&#8243; primary_title=&#8221;St. Stephen&#8217;s Square&#8221; hover_title=&#8221;St. Stephen&#8217;s Square&#8221; hover_background_color=&#8221;custom&#8221; hover_custom_background=&#8221;#0c437d&#8221; css=&#8221;.vc_custom_1591543726451{padding-bottom: 40px !important;}&#8221;]Trg svetog Stjepana, 21450 Hvar[\/vc_hoverbox][\/vc_column][vc_column width=&#8221;1\/2&#8243;][vc_hoverbox image=&#8221;290&#8243; primary_title=&#8221;Franciscan Monastery&#8221; hover_title=&#8221;Franciscan Monastery&#8221; hover_background_color=&#8221;custom&#8221; hover_custom_background=&#8221;#0c437d&#8221; css=&#8221;.vc_custom_1583686571261{padding-bottom: 40px !important;}&#8221;]\u0160etali\u0161te put Kri\u017ea, 21450 Hvar[\/vc_hoverbox][vc_hoverbox image=&#8221;1546&#8243; primary_title=&#8221;Malo Grablje&#8221; hover_title=&#8221;Malo Grablje&#8221; hover_background_color=&#8221;custom&#8221; hover_custom_background=&#8221;#0c437d&#8221; css=&#8221;.vc_custom_1583686607015{padding-bottom: 40px !important;}&#8221;]Malo Grablje, 21450 Hvar[\/vc_hoverbox][vc_hoverbox image=&#8221;1753&#8243; primary_title=&#8221;Little Summer Stage Hvar&#8221; hover_title=&#8221;Little Summer Stage Hvar&#8221; hover_background_color=&#8221;custom&#8221; hover_custom_background=&#8221;#0c437d&#8221; css=&#8221;.vc_custom_1591542438496{padding-bottom: 40px !important;}&#8221;]Fabrika 20, 21450 Hvar[\/vc_hoverbox][vc_hoverbox image=&#8221;1554&#8243; primary_title=&#8221;St. Stephen&#8217;s Cathedral&#8221; hover_title=&#8221;St. Stephen&#8217;s Cathedral&#8221; hover_background_color=&#8221;custom&#8221; hover_custom_background=&#8221;#0c437d&#8221; css=&#8221;.vc_custom_1591543750534{padding-bottom: 40px !important;}&#8221;]Trg svetog Stjepana, 21450 Hvar[\/vc_hoverbox][vc_hoverbox image=&#8221;1635&#8243; primary_title=&#8221;City Fortress &#8211; Fortica&#8221; hover_title=&#8221;City Fortress &#8211; Fortica&#8221; hover_background_color=&#8221;custom&#8221; hover_custom_background=&#8221;#0c437d&#8221; css=&#8221;.vc_custom_1590650364391{padding-bottom: 40px !important;}&#8221;]Ulica Higijeni\u010dkog Dru\u0161tva 19, 21450 Hvar[\/vc_hoverbox][\/vc_column][\/vc_row][vc_row][vc_column width=&#8221;1\/4&#8243;][\/vc_column][vc_column width=&#8221;1\/2&#8243;][vc_hoverbox image=&#8221;1757&#8243; primary_title=&#8221;St. Mark&#8217;s Church&#8221; hover_title=&#8221;St. Mark&#8217;s Church&#8221; hover_background_color=&#8221;custom&#8221; hover_custom_background=&#8221;#0c437d&#8221; css=&#8221;.vc_custom_1591542713535{padding-bottom: 40px !important;}&#8221;]\u0160etali\u0161te put Kri\u017ea 15, 21450 Hvar[\/vc_hoverbox][\/vc_column][vc_column width=&#8221;1\/4&#8243;][\/vc_column][\/vc_row]<\/p>\n","protected":false},"excerpt":{"rendered":"<p>[vc_row][vc_column][vc_gmaps link=&#8221;#E-8_JTNDaWZyYW1lJTIwc3JjJTNEJTIyaHR0cHMlM0ElMkYlMkZ3d3cuZ29vZ2xlLmNvbSUyRm1hcHMlMkZkJTJGdSUyRjAlMkZlbWJlZCUzRm1pZCUzRDE5OFpURGcwcVNPeUwzM2VBQXNQcHlTWTF3V0thOTZydSUyMiUyMHdpZHRoJTNEJTIyNjQwJTIyJTIwaGVpZ2h0JTNEJTIyNDgwJTIyJTNFJTNDJTJGaWZyYW1lJTNF&#8221;][\/vc_column][\/vc_row][vc_row css=&#8221;.vc_custom_1583685672315{padding-top: 50px !important;}&#8221;][vc_column width=&#8221;1\/2&#8243;][vc_hoverbox image=&#8221;1623&#8243; primary_title=&#8221;Veneranda Summer Stage&#8221; hover_title=&#8221;Veneranda Summer Stage&#8221; hover_background_color=&#8221;custom&#8221; hover_custom_background=&#8221;#0c437d&#8221; css=&#8221;.vc_custom_1591543667883{padding-bottom: 40px !important;}&#8221;]Ulica Dinka Kova\u010devi\u0107a 3, 21450 Hvar[\/vc_hoverbox][vc_hoverbox image=&#8221;1544&#8243; primary_title=&#8221;Velo Grablje&#8221; hover_title=&#8221;Velo Grablje&#8221; hover_background_color=&#8221;custom&#8221; hover_custom_background=&#8221;#0c437d&#8221; css=&#8221;.vc_custom_1583686598300{padding-bottom: 40px !important;}&#8221;]Velo Grablje, 21450 Hvar[\/vc_hoverbox][vc_hoverbox image=&#8221;1625&#8243; primary_title=&#8221;Hanibal Luci\u0107 Summer Residence&#8221; hover_title=&#8221;Hanibal Luci\u0107 Summer Residence&#8221; hover_background_color=&#8221;custom&#8221; hover_custom_background=&#8221;#0c437d&#8221; css=&#8221;.vc_custom_1591543646755{padding-bottom: 40px !important;}&#8221;]Hanibala Luci\u0107a 8, 21450 Hvar[\/vc_hoverbox][vc_hoverbox image=&#8221;1627&#8243; [&hellip;]<\/p>\n","protected":false},"author":1,"featured_media":0,"parent":0,"menu_order":0,"comment_status":"closed","ping_status":"closed","template":"","meta":[],"yoast_head":"<!-- This site is optimized with the Yoast SEO plugin v16.6.1 - https:\/\/yoast.com\/wordpress\/plugins\/seo\/ -->\n<title>Hvar Summer Festival | Locations<\/title>\n<meta name=\"description\" content=\"Apart from the Franciscan monastery, Hanibal Luci\u0107&#039;s summer residence, Veneranda summer stage, Hvar fortress (Fortica), the Cathedral of St. Stephen, and St. Stephen&#039;s Square, it also delivered performances to the nearby villages of Velo Grablje and Malo Grablje.\" \/>\n<meta name=\"robots\" content=\"index, follow, max-snippet:-1, max-image-preview:large, max-video-preview:-1\" \/>\n<link rel=\"canonical\" href=\"https:\/\/2020.hvarsummerfestival.hr\/en\/lokacije\/\" \/>\n<meta property=\"og:locale\" content=\"en_US\" \/>\n<meta property=\"og:type\" content=\"article\" \/>\n<meta property=\"og:title\" content=\"Hvar Summer Festival | Locations\" \/>\n<meta property=\"og:description\" content=\"Apart from the Franciscan monastery, Hanibal Luci\u0107&#039;s summer residence, Veneranda summer stage, Hvar fortress (Fortica), the Cathedral of St. Stephen, and St. Stephen&#039;s Square, it also delivered performances to the nearby villages of Velo Grablje and Malo Grablje.\" \/>\n<meta property=\"og:url\" content=\"https:\/\/2020.hvarsummerfestival.hr\/lokacije\/\" \/>\n<meta property=\"og:site_name\" content=\"Hvar Summer Festival\" \/>\n<meta property=\"article:publisher\" content=\"https:\/\/www.facebook.com\/HvarSummerFestival\/\" \/>\n<meta property=\"article:modified_time\" content=\"2020-06-07T15:29:21+00:00\" \/>\n<meta property=\"og:image\" content=\"https:\/\/2020.hvarsummerfestival.hr\/wp-content\/uploads\/2018\/04\/HSF-slider-1.jpg\" \/>\n\t<meta property=\"og:image:width\" content=\"1920\" \/>\n\t<meta property=\"og:image:height\" content=\"1080\" \/>\n<meta name=\"twitter:card\" content=\"summary_large_image\" \/>\n<meta name=\"twitter:title\" content=\"Hvar Summer Festival | Locations\" \/>\n<meta name=\"twitter:description\" content=\"Apart from the Franciscan monastery, Hanibal Luci\u0107&#039;s summer residence, Veneranda summer stage, Hvar fortress (Fortica), the Cathedral of St. Stephen, and St. Stephen&#039;s Square, it also delivered performances to the nearby villages of Velo Grablje and Malo Grablje.\" \/>\n<meta name=\"twitter:image\" content=\"https:\/\/2020.hvarsummerfestival.hr\/wp-content\/uploads\/2018\/04\/HSF-slider-1.jpg\" \/>\n<meta name=\"twitter:label1\" content=\"Est. reading time\" \/>\n\t<meta name=\"twitter:data1\" content=\"2 minutes\" \/>\n<script type=\"application\/ld+json\" class=\"yoast-schema-graph\">{\"@context\":\"https:\/\/schema.org\",\"@graph\":[{\"@type\":\"WebSite\",\"@id\":\"https:\/\/2020.hvarsummerfestival.hr\/#website\",\"url\":\"https:\/\/2020.hvarsummerfestival.hr\/\",\"name\":\"Hvar Summer Festival\",\"description\":\"\",\"potentialAction\":[{\"@type\":\"SearchAction\",\"target\":{\"@type\":\"EntryPoint\",\"urlTemplate\":\"https:\/\/2020.hvarsummerfestival.hr\/?s={search_term_string}\"},\"query-input\":\"required name=search_term_string\"}],\"inLanguage\":\"en-US\"},{\"@type\":\"ImageObject\",\"@id\":\"https:\/\/2020.hvarsummerfestival.hr\/lokacije\/#primaryimage\",\"inLanguage\":\"en-US\",\"url\":\"https:\/\/2020.hvarsummerfestival.hr\/wp-content\/uploads\/2018\/04\/HSF-slider-1.jpg\",\"contentUrl\":\"https:\/\/2020.hvarsummerfestival.hr\/wp-content\/uploads\/2018\/04\/HSF-slider-1.jpg\",\"width\":1920,\"height\":1080},{\"@type\":\"WebPage\",\"@id\":\"https:\/\/2020.hvarsummerfestival.hr\/lokacije\/#webpage\",\"url\":\"https:\/\/2020.hvarsummerfestival.hr\/lokacije\/\",\"name\":\"Hvar Summer Festival | Locations\",\"isPartOf\":{\"@id\":\"https:\/\/2020.hvarsummerfestival.hr\/#website\"},\"datePublished\":\"2020-03-08T17:18:15+00:00\",\"dateModified\":\"2020-06-07T15:29:21+00:00\",\"description\":\"Apart from the Franciscan monastery, Hanibal Luci\\u0107's summer residence, Veneranda summer stage, Hvar fortress (Fortica), the Cathedral of St. Stephen, and St. Stephen's Square, it also delivered performances to the nearby villages of Velo Grablje and Malo Grablje.\",\"breadcrumb\":{\"@id\":\"https:\/\/2020.hvarsummerfestival.hr\/lokacije\/#breadcrumb\"},\"inLanguage\":\"en-US\",\"potentialAction\":[{\"@type\":\"ReadAction\",\"target\":[\"https:\/\/2020.hvarsummerfestival.hr\/lokacije\/\"]}]},{\"@type\":\"BreadcrumbList\",\"@id\":\"https:\/\/2020.hvarsummerfestival.hr\/lokacije\/#breadcrumb\",\"itemListElement\":[{\"@type\":\"ListItem\",\"position\":1,\"name\":\"Home\",\"item\":\"https:\/\/2020.hvarsummerfestival.hr\/en\/\"},{\"@type\":\"ListItem\",\"position\":2,\"name\":\"Locations\"}]}]}<\/script>\n<!-- \/ Yoast SEO plugin. -->","_links":{"self":[{"href":"https:\/\/2020.hvarsummerfestival.hr\/en\/wp-json\/wp\/v2\/pages\/1557\/"}],"collection":[{"href":"https:\/\/2020.hvarsummerfestival.hr\/en\/wp-json\/wp\/v2\/pages\/"}],"about":[{"href":"https:\/\/2020.hvarsummerfestival.hr\/en\/wp-json\/wp\/v2\/types\/page\/"}],"author":[{"embeddable":true,"href":"https:\/\/2020.hvarsummerfestival.hr\/en\/wp-json\/wp\/v2\/users\/1\/"}],"replies":[{"embeddable":true,"href":"https:\/\/2020.hvarsummerfestival.hr\/en\/wp-json\/wp\/v2\/comments\/?post=1557"}],"version-history":[{"count":0,"href":"https:\/\/2020.hvarsummerfestival.hr\/en\/wp-json\/wp\/v2\/pages\/1557\/revisions\/"}],"wp:attachment":[{"href":"https:\/\/2020.hvarsummerfestival.hr\/en\/wp-json\/wp\/v2\/media\/?parent=1557"}],"curies":[{"name":"wp","href":"https:\/\/api.w.org\/{rel}","templated":true}]}}