{"id":1727,"date":"2020-06-04T18:40:21","date_gmt":"2020-06-04T16:40:21","guid":{"rendered":"https:\/\/hvarsummerfestival.hr\/maja-posavec-ivan-kapec\/"},"modified":"2020-06-07T18:36:56","modified_gmt":"2020-06-07T16:36:56","slug":"maja-posavec-ivan-kapec","status":"publish","type":"page","link":"https:\/\/2020.hvarsummerfestival.hr\/en\/maja-posavec-ivan-kapec\/","title":{"rendered":"Maja Posavec &#038; Ivan Kapec"},"content":{"rendered":"<p><img loading=\"lazy\" class=\"alignnone size-full wp-image-1685\" src=\"https:\/\/2020.hvarsummerfestival.hr\/wp-content\/uploads\/2020\/06\/Maja-Posavec.jpg\" alt=\"\" width=\"1000\" height=\"667\" srcset=\"https:\/\/2020.hvarsummerfestival.hr\/wp-content\/uploads\/2020\/06\/Maja-Posavec.jpg 1000w, https:\/\/2020.hvarsummerfestival.hr\/wp-content\/uploads\/2020\/06\/Maja-Posavec-300x200.jpg 300w, https:\/\/2020.hvarsummerfestival.hr\/wp-content\/uploads\/2020\/06\/Maja-Posavec-768x512.jpg 768w\" sizes=\"(max-width: 1000px) 100vw, 1000px\" \/><br \/>\n&nbsp;<\/p>\n<h5><strong>Maja Posavec<\/strong><\/h5>\n<p><em>An Evening with Cohen<\/em> is a way for singer Maja Posavec and guitarist Ivan Kapec to pay homage to this never-forgotten and forever-loved Canadian \u201csinger-songwriter of love and death\u201d. The concept has been extremely popular with audiences both in Croatia and abroad, so after sold-out concerts at different venues in Zagreb and Rijeka, the duo held sold-out concerts in Sarajevo and Mostar as well.<\/p>\n<p><em>An Evening with Cohen<\/em> is more of an interpretation than a standard concert, largely inspired by <em>Famous Blue Raincoat<\/em>, an album by Jennifer Warnes, who covered Cohen\u2019s songs in her own, specific way in 1987, after singing the backing vocals for him during the 1970s and 1980s.This time Maja and Ivan will be supported by an entire band, consisting of well-known jazz musicians Mario Bo\u010di\u0107, Borko Rupena and Luka Veselinovi\u0107, in their interpretation of all other timeless hits by Cohen. Maja reciting Cohen\u2019s lyrics in Croatian takes the whole experiences to a new level.<\/p>\n<p>Early this year, <em>An Evening with Cohen<\/em> became an album, which made it among the best-selling Croatian production very soon.This is what Damir \u0160odan, a great expert on Cohen\u2019s work and its translator, wrote about the album:<\/p>\n<p>\u201cFinally, this unique album comes as yet another testimony of the longevity and topicality of Cohen\u2019s songs, co-signed by two prominent Croatian musicians \u2013 a versatile jazz and fusion guitarist, Ivan Kapec, and a young singer-songwriter with a distinctive and suggestive voice, Maja Posavec. Mind you, they are musicians who were not even born when Cohen\u2019s first album \u2013 <em>Songs of Leonard Cohen \u2013 <\/em>was published in 1967! Perhaps more than anything else, this is a proof of the exceptional level of their sensibility and skill, because regardless of the time and space gap and despite the stylistic versatility of Cohen\u2019s body of work (rooted in north-American folk, French chanson, and Andalusian flamenco) they succeed in getting to the core of the Cohen canon\u2026\u201d<\/p>\n","protected":false},"excerpt":{"rendered":"<p>&nbsp; Maja Posavec An Evening with Cohen is a way for singer Maja Posavec and guitarist Ivan Kapec to pay homage to this never-forgotten and forever-loved Canadian \u201csinger-songwriter of love and death\u201d. The concept has been extremely popular with audiences both in Croatia and abroad, so after sold-out concerts at different venues in Zagreb and [&hellip;]<\/p>\n","protected":false},"author":1,"featured_media":1686,"parent":0,"menu_order":0,"comment_status":"closed","ping_status":"closed","template":"","meta":[],"yoast_head":"<!-- This site is optimized with the Yoast SEO plugin v16.6.1 - https:\/\/yoast.com\/wordpress\/plugins\/seo\/ -->\n<title>Hvar Summer Festival | Maja Posavec &amp; Ivan Kapec<\/title>\n<meta name=\"description\" content=\"Homage to this never-forgotten and forever-loved Canadian \u201csinger-songwriter of love and death\u201d. An Evening with Cohen is more of an interpretation than a standard concert.\" \/>\n<meta name=\"robots\" content=\"index, follow, max-snippet:-1, max-image-preview:large, max-video-preview:-1\" \/>\n<link rel=\"canonical\" href=\"https:\/\/2020.hvarsummerfestival.hr\/en\/maja-posavec-ivan-kapec\/\" \/>\n<meta property=\"og:locale\" content=\"en_US\" \/>\n<meta property=\"og:type\" content=\"article\" \/>\n<meta property=\"og:title\" content=\"Hvar Summer Festival | Maja Posavec &amp; Ivan Kapec\" \/>\n<meta property=\"og:description\" content=\"Homage to this never-forgotten and forever-loved Canadian \u201csinger-songwriter of love and death\u201d. An Evening with Cohen is more of an interpretation than a standard concert.\" \/>\n<meta property=\"og:url\" content=\"https:\/\/2020.hvarsummerfestival.hr\/en\/maja-posavec-ivan-kapec\/\" \/>\n<meta property=\"og:site_name\" content=\"Hvar Summer Festival\" \/>\n<meta property=\"article:publisher\" content=\"https:\/\/www.facebook.com\/HvarSummerFestival\/\" \/>\n<meta property=\"article:modified_time\" content=\"2020-06-07T16:36:56+00:00\" \/>\n<meta property=\"og:image\" content=\"https:\/\/2020.hvarsummerfestival.hr\/wp-content\/uploads\/2020\/06\/Maja-Posavec.jpg\" \/>\n\t<meta property=\"og:image:width\" content=\"1000\" \/>\n\t<meta property=\"og:image:height\" content=\"667\" \/>\n<meta name=\"twitter:card\" content=\"summary_large_image\" \/>\n<meta name=\"twitter:label1\" content=\"Est. reading time\" \/>\n\t<meta name=\"twitter:data1\" content=\"2 minutes\" \/>\n<script type=\"application\/ld+json\" class=\"yoast-schema-graph\">{\"@context\":\"https:\/\/schema.org\",\"@graph\":[{\"@type\":\"WebSite\",\"@id\":\"https:\/\/2020.hvarsummerfestival.hr\/#website\",\"url\":\"https:\/\/2020.hvarsummerfestival.hr\/\",\"name\":\"Hvar Summer Festival\",\"description\":\"\",\"potentialAction\":[{\"@type\":\"SearchAction\",\"target\":{\"@type\":\"EntryPoint\",\"urlTemplate\":\"https:\/\/2020.hvarsummerfestival.hr\/?s={search_term_string}\"},\"query-input\":\"required name=search_term_string\"}],\"inLanguage\":\"en-US\"},{\"@type\":\"ImageObject\",\"@id\":\"https:\/\/2020.hvarsummerfestival.hr\/en\/maja-posavec-ivan-kapec\/#primaryimage\",\"inLanguage\":\"en-US\",\"url\":\"https:\/\/2020.hvarsummerfestival.hr\/wp-content\/uploads\/2020\/06\/Maja-Posavec.jpg\",\"contentUrl\":\"https:\/\/2020.hvarsummerfestival.hr\/wp-content\/uploads\/2020\/06\/Maja-Posavec.jpg\",\"width\":1000,\"height\":667},{\"@type\":\"WebPage\",\"@id\":\"https:\/\/2020.hvarsummerfestival.hr\/en\/maja-posavec-ivan-kapec\/#webpage\",\"url\":\"https:\/\/2020.hvarsummerfestival.hr\/en\/maja-posavec-ivan-kapec\/\",\"name\":\"Hvar Summer Festival | Maja Posavec & Ivan Kapec\",\"isPartOf\":{\"@id\":\"https:\/\/2020.hvarsummerfestival.hr\/#website\"},\"primaryImageOfPage\":{\"@id\":\"https:\/\/2020.hvarsummerfestival.hr\/en\/maja-posavec-ivan-kapec\/#primaryimage\"},\"datePublished\":\"2020-06-04T16:40:21+00:00\",\"dateModified\":\"2020-06-07T16:36:56+00:00\",\"description\":\"Homage to this never-forgotten and forever-loved Canadian \\u201csinger-songwriter of love and death\\u201d. An Evening with Cohen is more of an interpretation than a standard concert.\",\"breadcrumb\":{\"@id\":\"https:\/\/2020.hvarsummerfestival.hr\/en\/maja-posavec-ivan-kapec\/#breadcrumb\"},\"inLanguage\":\"en-US\",\"potentialAction\":[{\"@type\":\"ReadAction\",\"target\":[\"https:\/\/2020.hvarsummerfestival.hr\/en\/maja-posavec-ivan-kapec\/\"]}]},{\"@type\":\"BreadcrumbList\",\"@id\":\"https:\/\/2020.hvarsummerfestival.hr\/en\/maja-posavec-ivan-kapec\/#breadcrumb\",\"itemListElement\":[{\"@type\":\"ListItem\",\"position\":1,\"name\":\"Home\",\"item\":\"https:\/\/2020.hvarsummerfestival.hr\/en\/\"},{\"@type\":\"ListItem\",\"position\":2,\"name\":\"Maja Posavec &#038; Ivan Kapec\"}]}]}<\/script>\n<!-- \/ Yoast SEO plugin. -->","_links":{"self":[{"href":"https:\/\/2020.hvarsummerfestival.hr\/en\/wp-json\/wp\/v2\/pages\/1727\/"}],"collection":[{"href":"https:\/\/2020.hvarsummerfestival.hr\/en\/wp-json\/wp\/v2\/pages\/"}],"about":[{"href":"https:\/\/2020.hvarsummerfestival.hr\/en\/wp-json\/wp\/v2\/types\/page\/"}],"author":[{"embeddable":true,"href":"https:\/\/2020.hvarsummerfestival.hr\/en\/wp-json\/wp\/v2\/users\/1\/"}],"replies":[{"embeddable":true,"href":"https:\/\/2020.hvarsummerfestival.hr\/en\/wp-json\/wp\/v2\/comments\/?post=1727"}],"version-history":[{"count":0,"href":"https:\/\/2020.hvarsummerfestival.hr\/en\/wp-json\/wp\/v2\/pages\/1727\/revisions\/"}],"wp:featuredmedia":[{"embeddable":true,"href":"https:\/\/2020.hvarsummerfestival.hr\/en\/wp-json\/wp\/v2\/media\/1686\/"}],"wp:attachment":[{"href":"https:\/\/2020.hvarsummerfestival.hr\/en\/wp-json\/wp\/v2\/media\/?parent=1727"}],"curies":[{"name":"wp","href":"https:\/\/api.w.org\/{rel}","templated":true}]}}