{"id":1728,"date":"2020-06-04T18:40:40","date_gmt":"2020-06-04T16:40:40","guid":{"rendered":"https:\/\/hvarsummerfestival.hr\/matej-mestrovic-borna-sercar\/"},"modified":"2020-06-05T08:21:06","modified_gmt":"2020-06-05T06:21:06","slug":"matej-mestrovic-borna-sercar","status":"publish","type":"page","link":"https:\/\/2020.hvarsummerfestival.hr\/en\/matej-mestrovic-borna-sercar\/","title":{"rendered":"Matej Me\u0161trovi\u0107 &#038; Borna \u0160ercar"},"content":{"rendered":"<p><img loading=\"lazy\" class=\"alignnone size-full wp-image-1672\" src=\"https:\/\/2020.hvarsummerfestival.hr\/wp-content\/uploads\/2020\/06\/S\u030cercar-i-Mes\u030ctrovic\u0301.jpg\" alt=\"\" width=\"1000\" height=\"667\" srcset=\"https:\/\/2020.hvarsummerfestival.hr\/wp-content\/uploads\/2020\/06\/S\u030cercar-i-Mes\u030ctrovic\u0301.jpg 1000w, https:\/\/2020.hvarsummerfestival.hr\/wp-content\/uploads\/2020\/06\/S\u030cercar-i-Mes\u030ctrovic\u0301-300x200.jpg 300w, https:\/\/2020.hvarsummerfestival.hr\/wp-content\/uploads\/2020\/06\/S\u030cercar-i-Mes\u030ctrovic\u0301-768x512.jpg 768w\" sizes=\"(max-width: 1000px) 100vw, 1000px\" \/><\/p>\n<h5><strong>Matej Me\u0161trovi\u0107<\/strong><\/h5>\n<p>Matej Me\u0161trovi\u0107 is without any doubt the most versatile Croatian artist. He is an exclusive artist at PARMA Recordings (USA) and in his 2018 premiere of the \u201cDanube Rhapsody\u201d for symphony orchestra and piano in Carnegie Hall\u2019s main hall (Stern Auditorium) was the first time that a Croatian composer premiered his own work in this prestigious hall. Me\u0161trovi\u0107 wrote music for Croatian pavilions at three Expos \u2013 in Shanghai (2010), Hannover (2000), and Lisbon (1998) and for this he received the Award of the City of Zagreb. This is only one of the many awards he received so far: a special award from the mayor of Karlovy Vary; Oktavijan, presented at the Croatian Film Days festival; award Baldo \u010cupi\u0107 for the best Croatian tourism film; four Global Music Awards. His CD <em>Vivaldi 4 Seasons for 3 pianos <\/em>is on Spotify\u2019s list of top 50 classical editions. In March this year, PARMA Recordings published Me\u0161trovi\u0107\u2019s CD <em>3 Rhapsodies for Piano and Orchestra, <\/em>which he recorded with Zagreb Philharmonic Orchestra. This is also the first CD by this Orchestra made for the US market. Me\u0161trovi\u0107 expects the recording for his new project to begin in the spring of 2020 in Abbey Road Studio with London Symphony Orchestra. He was dubbed by American critics as the \u201cCroatian John Williams\u201d.<\/p>\n<p>&nbsp;<\/p>\n<h5><strong>Borna \u0160ercar<\/strong><\/h5>\n<p>Drummer and percussionist Borna \u0160ercar graduated from the Academy of Music in Zagreb under the mentorship of Professor Igor Le\u0161nik.<\/p>\n<p>His rich and versatile musical career so far consists of eight years in the Big Band of the Croatian Radio and Television (HRT), of writing music for animated films, and collaboration in theatre (HNK, Mala scena). He has been hired on contract by several orchestras: the HRT Symphony Orchestra, Zagreb Philharmonic Orchestra, Symphonic Wind Orchestra of the Croatian Armed Forces, the Croatian National Theatre orchestra, and others.<\/p>\n<p>\u0160ercar is a permanent member of the Croatian Baroque Ensemble and he plays in several jazz bands: Matija Dedi\u0107 Trio, Spike Quartet, Dona Lee Quartet, Ivan Kapec Trio, Zagreb Jazz Portrait, Il Gruppo Delle Azioni Progressive and Ladislav Fidri Quintet.<\/p>\n<p>For many years he has worked closely with Josipa Lisac, Arsen Dedi\u0107 and Gabi Novak, a during his long-spanning career he also had an opportunity to work with Michel Legrand, Miljenko Prohaska, Bo\u0161ko Petrovi\u0107, Tereza Kesovija, Oliver, and others.<\/p>\n<p>Together with Ivana Bili\u0107 and Bo\u017eidar Rebi\u0107, \u0160ercar founded a percussion trio Boob&#8211;n\u2014yar and they perform their own music as well as percussion classics.<\/p>\n<p>With Ante Gelo on guitar, \u0160ercar delivered impressive musical performances on glass bottles \u2013 <em>flashophone<\/em> (from Croatian \u201cflasha\u201d \u2013 a bottle) \u2013across Europe and South America.<\/p>\n<p>He won the <em>Status <\/em><em>award<\/em> as the most promising young jazz musician in 1999 and then again in 2014 as the best jazz drummer.<\/p>\n<p>In 2008, \u0160ercar was among the Croatian discography award <em>Porin<\/em> nominees in several categories, one of which was for the best jazz composition.<\/p>\n<p>Already in their first year of existence, \u0160ercar and Jazziana Croatica made noticeable performances in and outside the country. Their album <em>A Little Book Of Notes<\/em> published by Aquarius Records received a Porin in 2011, while in 2013 they won it a second time, for a composition \u201cMelancholy\u201d from their album <em>Nehaj<\/em>.<\/p>\n","protected":false},"excerpt":{"rendered":"<p>Matej Me\u0161trovi\u0107 Matej Me\u0161trovi\u0107 is without any doubt the most versatile Croatian artist. He is an exclusive artist at PARMA Recordings (USA) and in his 2018 premiere of the \u201cDanube Rhapsody\u201d for symphony orchestra and piano in Carnegie Hall\u2019s main hall (Stern Auditorium) was the first time that a Croatian composer premiered his own work [&hellip;]<\/p>\n","protected":false},"author":1,"featured_media":1673,"parent":0,"menu_order":0,"comment_status":"closed","ping_status":"closed","template":"","meta":[],"yoast_head":"<!-- This site is optimized with the Yoast SEO plugin v16.6.1 - https:\/\/yoast.com\/wordpress\/plugins\/seo\/ -->\n<title>Hvar Summer Festival | Matej Me\u0161trovi\u0107 &amp; Borna \u0160ercar<\/title>\n<meta name=\"description\" content=\"Matej Me\u0161trovi\u0107 is without any doubt the most versatile Croatian artist. Borna \u0160ercar is drummer and percussionist.\" \/>\n<meta name=\"robots\" content=\"index, follow, max-snippet:-1, max-image-preview:large, max-video-preview:-1\" \/>\n<link rel=\"canonical\" href=\"https:\/\/2020.hvarsummerfestival.hr\/en\/matej-mestrovic-borna-sercar\/\" \/>\n<meta property=\"og:locale\" content=\"en_US\" \/>\n<meta property=\"og:type\" content=\"article\" \/>\n<meta property=\"og:title\" content=\"Hvar Summer Festival | Matej Me\u0161trovi\u0107 &amp; Borna \u0160ercar\" \/>\n<meta property=\"og:description\" content=\"Matej Me\u0161trovi\u0107 is without any doubt the most versatile Croatian artist. Borna \u0160ercar is drummer and percussionist.\" \/>\n<meta property=\"og:url\" content=\"https:\/\/2020.hvarsummerfestival.hr\/en\/matej-mestrovic-borna-sercar\/\" \/>\n<meta property=\"og:site_name\" content=\"Hvar Summer Festival\" \/>\n<meta property=\"article:publisher\" content=\"https:\/\/www.facebook.com\/HvarSummerFestival\/\" \/>\n<meta property=\"article:modified_time\" content=\"2020-06-05T06:21:06+00:00\" \/>\n<meta property=\"og:image\" content=\"https:\/\/2020.hvarsummerfestival.hr\/wp-content\/uploads\/2020\/06\/S\u030cercar-i-Mes\u030ctrovic\u0301.jpg\" \/>\n\t<meta property=\"og:image:width\" content=\"1000\" \/>\n\t<meta property=\"og:image:height\" content=\"667\" \/>\n<meta name=\"twitter:card\" content=\"summary_large_image\" \/>\n<meta name=\"twitter:label1\" content=\"Est. reading time\" \/>\n\t<meta name=\"twitter:data1\" content=\"3 minutes\" \/>\n<script type=\"application\/ld+json\" class=\"yoast-schema-graph\">{\"@context\":\"https:\/\/schema.org\",\"@graph\":[{\"@type\":\"WebSite\",\"@id\":\"https:\/\/2020.hvarsummerfestival.hr\/#website\",\"url\":\"https:\/\/2020.hvarsummerfestival.hr\/\",\"name\":\"Hvar Summer Festival\",\"description\":\"\",\"potentialAction\":[{\"@type\":\"SearchAction\",\"target\":{\"@type\":\"EntryPoint\",\"urlTemplate\":\"https:\/\/2020.hvarsummerfestival.hr\/?s={search_term_string}\"},\"query-input\":\"required name=search_term_string\"}],\"inLanguage\":\"en-US\"},{\"@type\":\"ImageObject\",\"@id\":\"https:\/\/2020.hvarsummerfestival.hr\/en\/matej-mestrovic-borna-sercar\/#primaryimage\",\"inLanguage\":\"en-US\",\"url\":\"https:\/\/2020.hvarsummerfestival.hr\/wp-content\/uploads\/2020\/06\/S\\u030cercar-i-Mes\\u030ctrovic\\u0301.jpg\",\"contentUrl\":\"https:\/\/2020.hvarsummerfestival.hr\/wp-content\/uploads\/2020\/06\/S\\u030cercar-i-Mes\\u030ctrovic\\u0301.jpg\",\"width\":1000,\"height\":667},{\"@type\":\"WebPage\",\"@id\":\"https:\/\/2020.hvarsummerfestival.hr\/en\/matej-mestrovic-borna-sercar\/#webpage\",\"url\":\"https:\/\/2020.hvarsummerfestival.hr\/en\/matej-mestrovic-borna-sercar\/\",\"name\":\"Hvar Summer Festival | Matej Me\\u0161trovi\\u0107 & Borna \\u0160ercar\",\"isPartOf\":{\"@id\":\"https:\/\/2020.hvarsummerfestival.hr\/#website\"},\"primaryImageOfPage\":{\"@id\":\"https:\/\/2020.hvarsummerfestival.hr\/en\/matej-mestrovic-borna-sercar\/#primaryimage\"},\"datePublished\":\"2020-06-04T16:40:40+00:00\",\"dateModified\":\"2020-06-05T06:21:06+00:00\",\"description\":\"Matej Me\\u0161trovi\\u0107 is without any doubt the most versatile Croatian artist. Borna \\u0160ercar is drummer and percussionist.\",\"breadcrumb\":{\"@id\":\"https:\/\/2020.hvarsummerfestival.hr\/en\/matej-mestrovic-borna-sercar\/#breadcrumb\"},\"inLanguage\":\"en-US\",\"potentialAction\":[{\"@type\":\"ReadAction\",\"target\":[\"https:\/\/2020.hvarsummerfestival.hr\/en\/matej-mestrovic-borna-sercar\/\"]}]},{\"@type\":\"BreadcrumbList\",\"@id\":\"https:\/\/2020.hvarsummerfestival.hr\/en\/matej-mestrovic-borna-sercar\/#breadcrumb\",\"itemListElement\":[{\"@type\":\"ListItem\",\"position\":1,\"name\":\"Home\",\"item\":\"https:\/\/2020.hvarsummerfestival.hr\/en\/\"},{\"@type\":\"ListItem\",\"position\":2,\"name\":\"Matej Me\\u0161trovi\\u0107 &#038; Borna \\u0160ercar\"}]}]}<\/script>\n<!-- \/ Yoast SEO plugin. -->","_links":{"self":[{"href":"https:\/\/2020.hvarsummerfestival.hr\/en\/wp-json\/wp\/v2\/pages\/1728\/"}],"collection":[{"href":"https:\/\/2020.hvarsummerfestival.hr\/en\/wp-json\/wp\/v2\/pages\/"}],"about":[{"href":"https:\/\/2020.hvarsummerfestival.hr\/en\/wp-json\/wp\/v2\/types\/page\/"}],"author":[{"embeddable":true,"href":"https:\/\/2020.hvarsummerfestival.hr\/en\/wp-json\/wp\/v2\/users\/1\/"}],"replies":[{"embeddable":true,"href":"https:\/\/2020.hvarsummerfestival.hr\/en\/wp-json\/wp\/v2\/comments\/?post=1728"}],"version-history":[{"count":0,"href":"https:\/\/2020.hvarsummerfestival.hr\/en\/wp-json\/wp\/v2\/pages\/1728\/revisions\/"}],"wp:featuredmedia":[{"embeddable":true,"href":"https:\/\/2020.hvarsummerfestival.hr\/en\/wp-json\/wp\/v2\/media\/1673\/"}],"wp:attachment":[{"href":"https:\/\/2020.hvarsummerfestival.hr\/en\/wp-json\/wp\/v2\/media\/?parent=1728"}],"curies":[{"name":"wp","href":"https:\/\/api.w.org\/{rel}","templated":true}]}}