{"id":1730,"date":"2020-06-04T18:41:40","date_gmt":"2020-06-04T16:41:40","guid":{"rendered":"https:\/\/hvarsummerfestival.hr\/zagreb-soloists\/"},"modified":"2020-06-07T18:36:33","modified_gmt":"2020-06-07T16:36:33","slug":"zagreb-soloists","status":"publish","type":"page","link":"https:\/\/2020.hvarsummerfestival.hr\/en\/zagreb-soloists\/","title":{"rendered":"Zagreb Soloists"},"content":{"rendered":"<p><img loading=\"lazy\" class=\"alignnone size-full wp-image-1681\" src=\"https:\/\/2020.hvarsummerfestival.hr\/wp-content\/uploads\/2020\/06\/Zagrebac\u030cki-solisti.jpg\" alt=\"\" width=\"1000\" height=\"667\" srcset=\"https:\/\/2020.hvarsummerfestival.hr\/wp-content\/uploads\/2020\/06\/Zagrebac\u030cki-solisti.jpg 1000w, https:\/\/2020.hvarsummerfestival.hr\/wp-content\/uploads\/2020\/06\/Zagrebac\u030cki-solisti-300x200.jpg 300w, https:\/\/2020.hvarsummerfestival.hr\/wp-content\/uploads\/2020\/06\/Zagrebac\u030cki-solisti-768x512.jpg 768w\" sizes=\"(max-width: 1000px) 100vw, 1000px\" \/><br \/>\n&nbsp;<br \/>\nFounded in 1953 as a Radio Zagreb ensemble under the artistic leadership of the renowned cellist Antonio Janigro, Zagreb Soloists gained reputation as one of the world\u2019s most outstanding chamber orchestras.<\/p>\n<p>Besides their conspicuous work with Maestro Janigro Zagreb Soloists have also collaborated with concert-masters\u00a0 Dragutin Hrdoljak, Tonko Nini\u0107, An\u0111elko Krpan, and Borivoj Martini\u0107-Jer\u010di\u0107.<\/p>\n<p>Since 2012 the ensemble performs under the leadership of Sreten Krsti\u0107 who is also the leader of the Munich Philharmonic.<\/p>\n<p>Since their inception the Zagreb Soloists gave over 4000 concerts on all continents and in many prestigious venues such as the Musikverein (Vienna), Concertgebouw (Amsterdam), Royal Festival Hall (London), Berlin Philharmonic Hall, Tchaikowski Hall (Moscow), Santa Cecilia (Rome), Carnegie Hall (New York), Opera House (Sydney), Victoria Hall (Geneva), Teatro Real (Madrid), Teatro Colon (Buenos Aires), etc.<\/p>\n<p>Zagreb Soloists\u2019 performing repertoire entails baroque, classicist, romantic and contemporary music, with particular attention given to Croatian composers \u2013 both of those who represent the musical heritage and those of the younger generation.<\/p>\n<p>They recorded more than seventy albums for companies like Vanguard House, EMI, ASV, Eurodisc, Melodia, HISP-vox, Pickwick audite, cpo and Croatia Records. In June 2014 the ensemble has also released a compact disc with works by Boris Papandopulo, performing with pianist Oliver Triendl \u2013 the project which united both local and international music criticism \u2013 giving the CD highest rates and numerous commendations. One of the most notable recent recordings is the album with works by Ernesto Cordero, featuring prominent soloists such as the violinist Guillermo Figueroa and the guitarist Pepe Romero (Naxos 2010) that subsequently nominated for the Latin Grammy Award.<\/p>\n","protected":false},"excerpt":{"rendered":"<p>&nbsp; Founded in 1953 as a Radio Zagreb ensemble under the artistic leadership of the renowned cellist Antonio Janigro, Zagreb Soloists gained reputation as one of the world\u2019s most outstanding chamber orchestras. Besides their conspicuous work with Maestro Janigro Zagreb Soloists have also collaborated with concert-masters\u00a0 Dragutin Hrdoljak, Tonko Nini\u0107, An\u0111elko Krpan, and Borivoj Martini\u0107-Jer\u010di\u0107. [&hellip;]<\/p>\n","protected":false},"author":1,"featured_media":1682,"parent":0,"menu_order":0,"comment_status":"closed","ping_status":"closed","template":"","meta":[],"yoast_head":"<!-- This site is optimized with the Yoast SEO plugin v16.6.1 - https:\/\/yoast.com\/wordpress\/plugins\/seo\/ -->\n<title>Hvar Summer Festival | Zagreb Soloists<\/title>\n<meta name=\"description\" content=\"Zagreb Soloists\u2019 performing repertoire entails baroque, classicist, romantic and contemporary music. Founded in 1953 as a Radio Zagreb ensemble.\" \/>\n<meta name=\"robots\" content=\"index, follow, max-snippet:-1, max-image-preview:large, max-video-preview:-1\" \/>\n<link rel=\"canonical\" href=\"https:\/\/2020.hvarsummerfestival.hr\/en\/zagreb-soloists\/\" \/>\n<meta property=\"og:locale\" content=\"en_US\" \/>\n<meta property=\"og:type\" content=\"article\" \/>\n<meta property=\"og:title\" content=\"Hvar Summer Festival | Zagreb Soloists\" \/>\n<meta property=\"og:description\" content=\"Zagreb Soloists\u2019 performing repertoire entails baroque, classicist, romantic and contemporary music. Founded in 1953 as a Radio Zagreb ensemble.\" \/>\n<meta property=\"og:url\" content=\"https:\/\/2020.hvarsummerfestival.hr\/en\/zagreb-soloists\/\" \/>\n<meta property=\"og:site_name\" content=\"Hvar Summer Festival\" \/>\n<meta property=\"article:publisher\" content=\"https:\/\/www.facebook.com\/HvarSummerFestival\/\" \/>\n<meta property=\"article:modified_time\" content=\"2020-06-07T16:36:33+00:00\" \/>\n<meta property=\"og:image\" content=\"https:\/\/2020.hvarsummerfestival.hr\/wp-content\/uploads\/2020\/06\/Zagrebac\u030cki-solisti.jpg\" \/>\n\t<meta property=\"og:image:width\" content=\"1000\" \/>\n\t<meta property=\"og:image:height\" content=\"667\" \/>\n<meta name=\"twitter:card\" content=\"summary_large_image\" \/>\n<meta name=\"twitter:label1\" content=\"Est. reading time\" \/>\n\t<meta name=\"twitter:data1\" content=\"1 minute\" \/>\n<script type=\"application\/ld+json\" class=\"yoast-schema-graph\">{\"@context\":\"https:\/\/schema.org\",\"@graph\":[{\"@type\":\"WebSite\",\"@id\":\"https:\/\/2020.hvarsummerfestival.hr\/#website\",\"url\":\"https:\/\/2020.hvarsummerfestival.hr\/\",\"name\":\"Hvar Summer Festival\",\"description\":\"\",\"potentialAction\":[{\"@type\":\"SearchAction\",\"target\":{\"@type\":\"EntryPoint\",\"urlTemplate\":\"https:\/\/2020.hvarsummerfestival.hr\/?s={search_term_string}\"},\"query-input\":\"required name=search_term_string\"}],\"inLanguage\":\"en-US\"},{\"@type\":\"ImageObject\",\"@id\":\"https:\/\/2020.hvarsummerfestival.hr\/en\/zagreb-soloists\/#primaryimage\",\"inLanguage\":\"en-US\",\"url\":\"https:\/\/2020.hvarsummerfestival.hr\/wp-content\/uploads\/2020\/06\/Zagrebac\\u030cki-solisti.jpg\",\"contentUrl\":\"https:\/\/2020.hvarsummerfestival.hr\/wp-content\/uploads\/2020\/06\/Zagrebac\\u030cki-solisti.jpg\",\"width\":1000,\"height\":667},{\"@type\":\"WebPage\",\"@id\":\"https:\/\/2020.hvarsummerfestival.hr\/en\/zagreb-soloists\/#webpage\",\"url\":\"https:\/\/2020.hvarsummerfestival.hr\/en\/zagreb-soloists\/\",\"name\":\"Hvar Summer Festival | Zagreb Soloists\",\"isPartOf\":{\"@id\":\"https:\/\/2020.hvarsummerfestival.hr\/#website\"},\"primaryImageOfPage\":{\"@id\":\"https:\/\/2020.hvarsummerfestival.hr\/en\/zagreb-soloists\/#primaryimage\"},\"datePublished\":\"2020-06-04T16:41:40+00:00\",\"dateModified\":\"2020-06-07T16:36:33+00:00\",\"description\":\"Zagreb Soloists\\u2019 performing repertoire entails baroque, classicist, romantic and contemporary music. Founded in 1953 as a Radio Zagreb ensemble.\",\"breadcrumb\":{\"@id\":\"https:\/\/2020.hvarsummerfestival.hr\/en\/zagreb-soloists\/#breadcrumb\"},\"inLanguage\":\"en-US\",\"potentialAction\":[{\"@type\":\"ReadAction\",\"target\":[\"https:\/\/2020.hvarsummerfestival.hr\/en\/zagreb-soloists\/\"]}]},{\"@type\":\"BreadcrumbList\",\"@id\":\"https:\/\/2020.hvarsummerfestival.hr\/en\/zagreb-soloists\/#breadcrumb\",\"itemListElement\":[{\"@type\":\"ListItem\",\"position\":1,\"name\":\"Home\",\"item\":\"https:\/\/2020.hvarsummerfestival.hr\/en\/\"},{\"@type\":\"ListItem\",\"position\":2,\"name\":\"Zagreb Soloists\"}]}]}<\/script>\n<!-- \/ Yoast SEO plugin. -->","_links":{"self":[{"href":"https:\/\/2020.hvarsummerfestival.hr\/en\/wp-json\/wp\/v2\/pages\/1730\/"}],"collection":[{"href":"https:\/\/2020.hvarsummerfestival.hr\/en\/wp-json\/wp\/v2\/pages\/"}],"about":[{"href":"https:\/\/2020.hvarsummerfestival.hr\/en\/wp-json\/wp\/v2\/types\/page\/"}],"author":[{"embeddable":true,"href":"https:\/\/2020.hvarsummerfestival.hr\/en\/wp-json\/wp\/v2\/users\/1\/"}],"replies":[{"embeddable":true,"href":"https:\/\/2020.hvarsummerfestival.hr\/en\/wp-json\/wp\/v2\/comments\/?post=1730"}],"version-history":[{"count":0,"href":"https:\/\/2020.hvarsummerfestival.hr\/en\/wp-json\/wp\/v2\/pages\/1730\/revisions\/"}],"wp:featuredmedia":[{"embeddable":true,"href":"https:\/\/2020.hvarsummerfestival.hr\/en\/wp-json\/wp\/v2\/media\/1682\/"}],"wp:attachment":[{"href":"https:\/\/2020.hvarsummerfestival.hr\/en\/wp-json\/wp\/v2\/media\/?parent=1730"}],"curies":[{"name":"wp","href":"https:\/\/api.w.org\/{rel}","templated":true}]}}