{"id":1821,"date":"2020-06-10T10:16:56","date_gmt":"2020-06-10T08:16:56","guid":{"rendered":"https:\/\/hvarsummerfestival.hr\/fishing-and-fishermans-talk\/"},"modified":"2020-06-10T10:19:00","modified_gmt":"2020-06-10T08:19:00","slug":"fishing-and-fishermans-talk","status":"publish","type":"page","link":"https:\/\/2020.hvarsummerfestival.hr\/en\/fishing-and-fishermans-talk\/","title":{"rendered":"Fishing and Fisherman&#8217;s Talk"},"content":{"rendered":"<p><img loading=\"lazy\" class=\"alignnone size-full wp-image-1689\" src=\"https:\/\/2020.hvarsummerfestival.hr\/wp-content\/uploads\/2020\/06\/Ribanje-i-ribarsko-prigovaranje.jpg\" alt=\"\" width=\"960\" height=\"720\" srcset=\"https:\/\/2020.hvarsummerfestival.hr\/wp-content\/uploads\/2020\/06\/Ribanje-i-ribarsko-prigovaranje.jpg 960w, https:\/\/2020.hvarsummerfestival.hr\/wp-content\/uploads\/2020\/06\/Ribanje-i-ribarsko-prigovaranje-300x225.jpg 300w, https:\/\/2020.hvarsummerfestival.hr\/wp-content\/uploads\/2020\/06\/Ribanje-i-ribarsko-prigovaranje-768x576.jpg 768w\" sizes=\"(max-width: 960px) 100vw, 960px\" \/><br \/>\n&nbsp;<br \/>\nPetar Hektorovi\u0107<\/p>\n<p>Fishing and Fishermen\u2019s Talk<\/p>\n<p>Play adaptation and director: Marin Cari\u0107<\/p>\n<p>Lighting: Mili Zaninovi\u0107<\/p>\n<p>Cast:<\/p>\n<p><strong>PETAR<\/strong> \u2013 Pro\u0161per Mili\u010di\u0107, Milan Lako\u0161, Vislav Zaninovi\u0107<\/p>\n<p><strong>PASKOJ<\/strong> \u2013 Jacky Milati\u0107, Pro\u0161per Gilve, Vice Zaninovi\u0107<\/p>\n<p><strong>NIKOLA<\/strong> \u2013 Jo\u0161ko Martini\u0107, Ivica Tomi\u010di\u0107, Fabijan Brku\u0161i\u0107<\/p>\n<p><strong>CHILD<\/strong> \u2013 Roko Hraste<\/p>\n<p><strong>SHEPARD<\/strong> \u2013 Petar Palari\u0107<\/p>\n<p><strong>SINGER AND PROMPTER<\/strong> \u2013 Jure Tomi\u010di\u0107<\/p>\n","protected":false},"excerpt":{"rendered":"<p>&nbsp; Petar Hektorovi\u0107 Fishing and Fishermen\u2019s Talk Play adaptation and director: Marin Cari\u0107 Lighting: Mili Zaninovi\u0107 Cast: PETAR \u2013 Pro\u0161per Mili\u010di\u0107, Milan Lako\u0161, Vislav Zaninovi\u0107 PASKOJ \u2013 Jacky Milati\u0107, Pro\u0161per Gilve, Vice Zaninovi\u0107 NIKOLA \u2013 Jo\u0161ko Martini\u0107, Ivica Tomi\u010di\u0107, Fabijan Brku\u0161i\u0107 CHILD \u2013 Roko Hraste SHEPARD \u2013 Petar Palari\u0107 SINGER AND PROMPTER \u2013 Jure Tomi\u010di\u0107<\/p>\n","protected":false},"author":1,"featured_media":0,"parent":0,"menu_order":0,"comment_status":"closed","ping_status":"closed","template":"","meta":[],"yoast_head":"<!-- This site is optimized with the Yoast SEO plugin v16.6.1 - https:\/\/yoast.com\/wordpress\/plugins\/seo\/ -->\n<title>Hvar Summer Festival | Fishing and Fisherman&#039;s Talk<\/title>\n<meta name=\"robots\" content=\"index, follow, max-snippet:-1, max-image-preview:large, max-video-preview:-1\" \/>\n<link rel=\"canonical\" href=\"https:\/\/2020.hvarsummerfestival.hr\/en\/fishing-and-fishermans-talk\/\" \/>\n<meta property=\"og:locale\" content=\"en_US\" \/>\n<meta property=\"og:type\" content=\"article\" \/>\n<meta property=\"og:title\" content=\"Hvar Summer Festival | Fishing and Fisherman&#039;s Talk\" \/>\n<meta property=\"og:description\" content=\"&nbsp; Petar Hektorovi\u0107 Fishing and Fishermen\u2019s Talk Play adaptation and director: Marin Cari\u0107 Lighting: Mili Zaninovi\u0107 Cast: PETAR \u2013 Pro\u0161per Mili\u010di\u0107, Milan Lako\u0161, Vislav Zaninovi\u0107 PASKOJ \u2013 Jacky Milati\u0107, Pro\u0161per Gilve, Vice Zaninovi\u0107 NIKOLA \u2013 Jo\u0161ko Martini\u0107, Ivica Tomi\u010di\u0107, Fabijan Brku\u0161i\u0107 CHILD \u2013 Roko Hraste SHEPARD \u2013 Petar Palari\u0107 SINGER AND PROMPTER \u2013 Jure Tomi\u010di\u0107\" \/>\n<meta property=\"og:url\" content=\"https:\/\/2020.hvarsummerfestival.hr\/en\/fishing-and-fishermans-talk\/\" \/>\n<meta property=\"og:site_name\" content=\"Hvar Summer Festival\" \/>\n<meta property=\"article:publisher\" content=\"https:\/\/www.facebook.com\/HvarSummerFestival\/\" \/>\n<meta property=\"article:modified_time\" content=\"2020-06-10T08:19:00+00:00\" \/>\n<meta property=\"og:image\" content=\"https:\/\/2020.hvarsummerfestival.hr\/wp-content\/uploads\/2020\/06\/Ribanje-i-ribarsko-prigovaranje.jpg\" \/>\n<meta name=\"twitter:card\" content=\"summary_large_image\" \/>\n<script type=\"application\/ld+json\" class=\"yoast-schema-graph\">{\"@context\":\"https:\/\/schema.org\",\"@graph\":[{\"@type\":\"WebSite\",\"@id\":\"https:\/\/2020.hvarsummerfestival.hr\/#website\",\"url\":\"https:\/\/2020.hvarsummerfestival.hr\/\",\"name\":\"Hvar Summer Festival\",\"description\":\"\",\"potentialAction\":[{\"@type\":\"SearchAction\",\"target\":{\"@type\":\"EntryPoint\",\"urlTemplate\":\"https:\/\/2020.hvarsummerfestival.hr\/?s={search_term_string}\"},\"query-input\":\"required name=search_term_string\"}],\"inLanguage\":\"en-US\"},{\"@type\":\"ImageObject\",\"@id\":\"https:\/\/2020.hvarsummerfestival.hr\/en\/fishing-and-fishermans-talk\/#primaryimage\",\"inLanguage\":\"en-US\",\"url\":\"https:\/\/2020.hvarsummerfestival.hr\/wp-content\/uploads\/2020\/06\/Ribanje-i-ribarsko-prigovaranje.jpg\",\"contentUrl\":\"https:\/\/2020.hvarsummerfestival.hr\/wp-content\/uploads\/2020\/06\/Ribanje-i-ribarsko-prigovaranje.jpg\",\"width\":960,\"height\":720},{\"@type\":\"WebPage\",\"@id\":\"https:\/\/2020.hvarsummerfestival.hr\/en\/fishing-and-fishermans-talk\/#webpage\",\"url\":\"https:\/\/2020.hvarsummerfestival.hr\/en\/fishing-and-fishermans-talk\/\",\"name\":\"Hvar Summer Festival | Fishing and Fisherman's Talk\",\"isPartOf\":{\"@id\":\"https:\/\/2020.hvarsummerfestival.hr\/#website\"},\"primaryImageOfPage\":{\"@id\":\"https:\/\/2020.hvarsummerfestival.hr\/en\/fishing-and-fishermans-talk\/#primaryimage\"},\"datePublished\":\"2020-06-10T08:16:56+00:00\",\"dateModified\":\"2020-06-10T08:19:00+00:00\",\"breadcrumb\":{\"@id\":\"https:\/\/2020.hvarsummerfestival.hr\/en\/fishing-and-fishermans-talk\/#breadcrumb\"},\"inLanguage\":\"en-US\",\"potentialAction\":[{\"@type\":\"ReadAction\",\"target\":[\"https:\/\/2020.hvarsummerfestival.hr\/en\/fishing-and-fishermans-talk\/\"]}]},{\"@type\":\"BreadcrumbList\",\"@id\":\"https:\/\/2020.hvarsummerfestival.hr\/en\/fishing-and-fishermans-talk\/#breadcrumb\",\"itemListElement\":[{\"@type\":\"ListItem\",\"position\":1,\"name\":\"Home\",\"item\":\"https:\/\/2020.hvarsummerfestival.hr\/en\/\"},{\"@type\":\"ListItem\",\"position\":2,\"name\":\"Fishing and Fisherman&#8217;s Talk\"}]}]}<\/script>\n<!-- \/ Yoast SEO plugin. -->","_links":{"self":[{"href":"https:\/\/2020.hvarsummerfestival.hr\/en\/wp-json\/wp\/v2\/pages\/1821\/"}],"collection":[{"href":"https:\/\/2020.hvarsummerfestival.hr\/en\/wp-json\/wp\/v2\/pages\/"}],"about":[{"href":"https:\/\/2020.hvarsummerfestival.hr\/en\/wp-json\/wp\/v2\/types\/page\/"}],"author":[{"embeddable":true,"href":"https:\/\/2020.hvarsummerfestival.hr\/en\/wp-json\/wp\/v2\/users\/1\/"}],"replies":[{"embeddable":true,"href":"https:\/\/2020.hvarsummerfestival.hr\/en\/wp-json\/wp\/v2\/comments\/?post=1821"}],"version-history":[{"count":0,"href":"https:\/\/2020.hvarsummerfestival.hr\/en\/wp-json\/wp\/v2\/pages\/1821\/revisions\/"}],"wp:attachment":[{"href":"https:\/\/2020.hvarsummerfestival.hr\/en\/wp-json\/wp\/v2\/media\/?parent=1821"}],"curies":[{"name":"wp","href":"https:\/\/api.w.org\/{rel}","templated":true}]}}